{"id":1407,"date":"2022-02-21T08:38:37","date_gmt":"2022-02-21T08:38:37","guid":{"rendered":"https:\/\/jkeltai.com\/?page_id=1407"},"modified":"2022-02-26T12:20:36","modified_gmt":"2022-02-26T12:20:36","slug":"david-lynch","status":"publish","type":"page","link":"https:\/\/jkeltai.com\/de\/acerca-de-mi\/simplemente-cine\/david-lynch\/","title":{"rendered":"David Lynch"},"content":{"rendered":"\n<p class=\"has-white-color has-text-color has-medium-font-size\"><em>David Lynch<\/em><strong><em> <\/em><\/strong>es sin duda uno de los directores que m\u00e1s me ha fascinado con su lenguaje surreal y la est\u00e9tica neo-noir tan marcada de sus pel\u00edculas.  Abajo algunas escenas que me gustar\u00eda compartirles.<\/p>\n\n\n\n<div class=\"wp-block-image is-style-default\"><figure class=\"aligncenter size-medium\"><img loading=\"lazy\" decoding=\"async\" width=\"225\" height=\"300\" src=\"https:\/\/jkeltai.com\/wp-content\/uploads\/img-david-lynch-01-_184117216071-225x300.jpeg\" alt=\"\" class=\"wp-image-1597\" srcset=\"https:\/\/jkeltai.com\/wp-content\/uploads\/img-david-lynch-01-_184117216071-225x300.jpeg 225w, https:\/\/jkeltai.com\/wp-content\/uploads\/img-david-lynch-01-_184117216071-768x1024.jpeg 768w, https:\/\/jkeltai.com\/wp-content\/uploads\/img-david-lynch-01-_184117216071-1x1.jpeg 1w, https:\/\/jkeltai.com\/wp-content\/uploads\/img-david-lynch-01-_184117216071.jpeg 900w\" sizes=\"auto, (max-width: 225px) 100vw, 225px\" \/><\/figure><\/div>\n\n\n\n<hr class=\"wp-block-separator\"\/>\n\n\n\n<div style=\"height:25px\" aria-hidden=\"true\" class=\"wp-block-spacer\"><\/div>\n\n\n\n<p class=\"has-white-color has-text-color has-medium-font-size\">Inland Empire (2006)<\/p>\n\n\n\n<p class=\"has-white-color has-text-color\" style=\"font-size:15px\">Trailer del ultimo Largometraje de Lynch, donde adem\u00e1s de Dirigir, se encargo de la direcci\u00f3n de fotograf\u00eda y del montaje.<\/p>\n\n\n\n<figure class=\"wp-block-embed is-type-video is-provider-youtube wp-block-embed-youtube wp-embed-aspect-16-9 wp-has-aspect-ratio\"><div class=\"wp-block-embed__wrapper\">\n<iframe loading=\"lazy\" title=\"Inland Empire (2006) Trailer\" width=\"654\" height=\"368\" src=\"https:\/\/www.youtube.com\/embed\/6C376j0Cf68?feature=oembed\" frameborder=\"0\" allow=\"accelerometer; autoplay; clipboard-write; encrypted-media; gyroscope; picture-in-picture; web-share\" referrerpolicy=\"strict-origin-when-cross-origin\" allowfullscreen><\/iframe>\n<\/div><\/figure>\n\n\n\n<div style=\"height:25px\" aria-hidden=\"true\" class=\"wp-block-spacer\"><\/div>\n\n\n\n<hr class=\"wp-block-separator\"\/>\n\n\n\n<div style=\"height:25px\" aria-hidden=\"true\" class=\"wp-block-spacer\"><\/div>\n\n\n\n<p class=\"has-white-color has-text-color has-medium-font-size\">Lost Highway (1997)<\/p>\n\n\n\n<p class=\"has-white-color has-text-color\" style=\"font-size:15px\">Un cl\u00e1sico de Lynch que como siempre  da cabida a multiples interpretaciones.  La escena de la fiesta, cuya atm\u00f3sfera envolvente es uno de los signos carater\u00edsticos de los films de Lynch.<\/p>\n\n\n\n<figure class=\"wp-block-embed is-type-video is-provider-youtube wp-block-embed-youtube wp-embed-aspect-4-3 wp-has-aspect-ratio\"><div class=\"wp-block-embed__wrapper\">\n<iframe loading=\"lazy\" title=\"Lost Highway Mystery Man at party\" width=\"654\" height=\"491\" src=\"https:\/\/www.youtube.com\/embed\/vZLQW2qr5Hs?feature=oembed\" frameborder=\"0\" allow=\"accelerometer; autoplay; clipboard-write; encrypted-media; gyroscope; picture-in-picture; web-share\" referrerpolicy=\"strict-origin-when-cross-origin\" allowfullscreen><\/iframe>\n<\/div><\/figure>\n\n\n\n<div style=\"height:25px\" aria-hidden=\"true\" class=\"wp-block-spacer\"><\/div>\n\n\n\n<hr class=\"wp-block-separator\"\/>\n\n\n\n<div style=\"height:25px\" aria-hidden=\"true\" class=\"wp-block-spacer\"><\/div>\n\n\n\n<p class=\"has-white-color has-text-color has-medium-font-size\">Mulholland Drive (2001)<\/p>\n\n\n\n<figure class=\"wp-block-embed is-type-video is-provider-youtube wp-block-embed-youtube wp-embed-aspect-16-9 wp-has-aspect-ratio\"><div class=\"wp-block-embed__wrapper\">\n<iframe loading=\"lazy\" title=\"Mulholland Drive - Diner Scene\" width=\"654\" height=\"368\" src=\"https:\/\/www.youtube.com\/embed\/UozhOo0Dt4o?feature=oembed\" frameborder=\"0\" allow=\"accelerometer; autoplay; clipboard-write; encrypted-media; gyroscope; picture-in-picture; web-share\" referrerpolicy=\"strict-origin-when-cross-origin\" allowfullscreen><\/iframe>\n<\/div><\/figure>\n","protected":false},"excerpt":{"rendered":"<p>David Lynch es sin duda uno de los directores que m\u00e1s me ha fascinado con su lenguaje surreal y la est\u00e9tica neo-noir tan marcada de sus pel\u00edculas. Abajo algunas escenas que me gustar\u00eda compartirles. Inland Empire (2006) Trailer del ultimo Largometraje de Lynch, donde adem\u00e1s de Dirigir, se encargo de la direcci\u00f3n de fotograf\u00eda y&#8230;<\/p>\n","protected":false},"author":1,"featured_media":0,"parent":1369,"menu_order":0,"comment_status":"closed","ping_status":"closed","template":"page-templates\/twocolleftsidebar.php","meta":{"footnotes":""},"class_list":["post-1407","page","type-page","status-publish","hentry"],"yoast_head":"<!-- This site is optimized with the Yoast SEO plugin v25.2 - https:\/\/yoast.com\/wordpress\/plugins\/seo\/ -->\n<title>David Lynch - Javier Keltai<\/title>\n<meta name=\"robots\" content=\"index, follow, max-snippet:-1, max-image-preview:large, max-video-preview:-1\" \/>\n<link rel=\"canonical\" href=\"https:\/\/jkeltai.com\/acerca-de-mi\/simplemente-cine\/david-lynch\/\" \/>\n<meta property=\"og:locale\" content=\"de_DE\" \/>\n<meta property=\"og:type\" content=\"article\" \/>\n<meta property=\"og:title\" content=\"David Lynch - Javier Keltai\" \/>\n<meta property=\"og:description\" content=\"David Lynch es sin duda uno de los directores que m\u00e1s me ha fascinado con su lenguaje surreal y la est\u00e9tica neo-noir tan marcada de sus pel\u00edculas. Abajo algunas escenas que me gustar\u00eda compartirles. Inland Empire (2006) Trailer del ultimo Largometraje de Lynch, donde adem\u00e1s de Dirigir, se encargo de la direcci\u00f3n de fotograf\u00eda y...\" \/>\n<meta property=\"og:url\" content=\"https:\/\/jkeltai.com\/acerca-de-mi\/simplemente-cine\/david-lynch\/\" \/>\n<meta property=\"og:site_name\" content=\"Javier Keltai\" \/>\n<meta property=\"article:modified_time\" content=\"2022-02-26T12:20:36+00:00\" \/>\n<meta property=\"og:image\" content=\"https:\/\/jkeltai.com\/wp-content\/uploads\/img-david-lynch-01-_184117216071-225x300.jpeg\" \/>\n<meta name=\"twitter:card\" content=\"summary_large_image\" \/>\n<meta name=\"twitter:label1\" content=\"Est. reading time\" \/>\n\t<meta name=\"twitter:data1\" content=\"1\u00a0Minute\" \/>\n<script type=\"application\/ld+json\" class=\"yoast-schema-graph\">{\"@context\":\"https:\/\/schema.org\",\"@graph\":[{\"@type\":\"WebPage\",\"@id\":\"https:\/\/jkeltai.com\/acerca-de-mi\/simplemente-cine\/david-lynch\/\",\"url\":\"https:\/\/jkeltai.com\/acerca-de-mi\/simplemente-cine\/david-lynch\/\",\"name\":\"David Lynch - Javier Keltai\",\"isPartOf\":{\"@id\":\"https:\/\/jkeltai.com\/#website\"},\"primaryImageOfPage\":{\"@id\":\"https:\/\/jkeltai.com\/acerca-de-mi\/simplemente-cine\/david-lynch\/#primaryimage\"},\"image\":{\"@id\":\"https:\/\/jkeltai.com\/acerca-de-mi\/simplemente-cine\/david-lynch\/#primaryimage\"},\"thumbnailUrl\":\"https:\/\/jkeltai.com\/wp-content\/uploads\/img-david-lynch-01-_184117216071-225x300.jpeg\",\"datePublished\":\"2022-02-21T08:38:37+00:00\",\"dateModified\":\"2022-02-26T12:20:36+00:00\",\"breadcrumb\":{\"@id\":\"https:\/\/jkeltai.com\/acerca-de-mi\/simplemente-cine\/david-lynch\/#breadcrumb\"},\"inLanguage\":\"de\",\"potentialAction\":[{\"@type\":\"ReadAction\",\"target\":[\"https:\/\/jkeltai.com\/acerca-de-mi\/simplemente-cine\/david-lynch\/\"]}]},{\"@type\":\"ImageObject\",\"inLanguage\":\"de\",\"@id\":\"https:\/\/jkeltai.com\/acerca-de-mi\/simplemente-cine\/david-lynch\/#primaryimage\",\"url\":\"https:\/\/jkeltai.com\/wp-content\/uploads\/img-david-lynch-01-_184117216071-225x300.jpeg\",\"contentUrl\":\"https:\/\/jkeltai.com\/wp-content\/uploads\/img-david-lynch-01-_184117216071-225x300.jpeg\"},{\"@type\":\"BreadcrumbList\",\"@id\":\"https:\/\/jkeltai.com\/acerca-de-mi\/simplemente-cine\/david-lynch\/#breadcrumb\",\"itemListElement\":[{\"@type\":\"ListItem\",\"position\":1,\"name\":\"Portada\",\"item\":\"https:\/\/jkeltai.com\/\"},{\"@type\":\"ListItem\",\"position\":2,\"name\":\"Sobre mi\",\"item\":\"https:\/\/jkeltai.com\/acerca-de-mi\/\"},{\"@type\":\"ListItem\",\"position\":3,\"name\":\"Simplemente Cine\",\"item\":\"https:\/\/jkeltai.com\/acerca-de-mi\/simplemente-cine\/\"},{\"@type\":\"ListItem\",\"position\":4,\"name\":\"David Lynch\"}]},{\"@type\":\"WebSite\",\"@id\":\"https:\/\/jkeltai.com\/#website\",\"url\":\"https:\/\/jkeltai.com\/\",\"name\":\"Javier Keltai\",\"description\":\"Digital Postproduction\",\"potentialAction\":[{\"@type\":\"SearchAction\",\"target\":{\"@type\":\"EntryPoint\",\"urlTemplate\":\"https:\/\/jkeltai.com\/?s={search_term_string}\"},\"query-input\":{\"@type\":\"PropertyValueSpecification\",\"valueRequired\":true,\"valueName\":\"search_term_string\"}}],\"inLanguage\":\"de\"}]}<\/script>\n<!-- \/ Yoast SEO plugin. -->","yoast_head_json":{"title":"David Lynch - Javier Keltai","robots":{"index":"index","follow":"follow","max-snippet":"max-snippet:-1","max-image-preview":"max-image-preview:large","max-video-preview":"max-video-preview:-1"},"canonical":"https:\/\/jkeltai.com\/acerca-de-mi\/simplemente-cine\/david-lynch\/","og_locale":"de_DE","og_type":"article","og_title":"David Lynch - Javier Keltai","og_description":"David Lynch es sin duda uno de los directores que m\u00e1s me ha fascinado con su lenguaje surreal y la est\u00e9tica neo-noir tan marcada de sus pel\u00edculas. Abajo algunas escenas que me gustar\u00eda compartirles. Inland Empire (2006) Trailer del ultimo Largometraje de Lynch, donde adem\u00e1s de Dirigir, se encargo de la direcci\u00f3n de fotograf\u00eda y...","og_url":"https:\/\/jkeltai.com\/acerca-de-mi\/simplemente-cine\/david-lynch\/","og_site_name":"Javier Keltai","article_modified_time":"2022-02-26T12:20:36+00:00","og_image":[{"url":"https:\/\/jkeltai.com\/wp-content\/uploads\/img-david-lynch-01-_184117216071-225x300.jpeg","type":"","width":"","height":""}],"twitter_card":"summary_large_image","twitter_misc":{"Est. reading time":"1\u00a0Minute"},"schema":{"@context":"https:\/\/schema.org","@graph":[{"@type":"WebPage","@id":"https:\/\/jkeltai.com\/acerca-de-mi\/simplemente-cine\/david-lynch\/","url":"https:\/\/jkeltai.com\/acerca-de-mi\/simplemente-cine\/david-lynch\/","name":"David Lynch - Javier Keltai","isPartOf":{"@id":"https:\/\/jkeltai.com\/#website"},"primaryImageOfPage":{"@id":"https:\/\/jkeltai.com\/acerca-de-mi\/simplemente-cine\/david-lynch\/#primaryimage"},"image":{"@id":"https:\/\/jkeltai.com\/acerca-de-mi\/simplemente-cine\/david-lynch\/#primaryimage"},"thumbnailUrl":"https:\/\/jkeltai.com\/wp-content\/uploads\/img-david-lynch-01-_184117216071-225x300.jpeg","datePublished":"2022-02-21T08:38:37+00:00","dateModified":"2022-02-26T12:20:36+00:00","breadcrumb":{"@id":"https:\/\/jkeltai.com\/acerca-de-mi\/simplemente-cine\/david-lynch\/#breadcrumb"},"inLanguage":"de","potentialAction":[{"@type":"ReadAction","target":["https:\/\/jkeltai.com\/acerca-de-mi\/simplemente-cine\/david-lynch\/"]}]},{"@type":"ImageObject","inLanguage":"de","@id":"https:\/\/jkeltai.com\/acerca-de-mi\/simplemente-cine\/david-lynch\/#primaryimage","url":"https:\/\/jkeltai.com\/wp-content\/uploads\/img-david-lynch-01-_184117216071-225x300.jpeg","contentUrl":"https:\/\/jkeltai.com\/wp-content\/uploads\/img-david-lynch-01-_184117216071-225x300.jpeg"},{"@type":"BreadcrumbList","@id":"https:\/\/jkeltai.com\/acerca-de-mi\/simplemente-cine\/david-lynch\/#breadcrumb","itemListElement":[{"@type":"ListItem","position":1,"name":"Portada","item":"https:\/\/jkeltai.com\/"},{"@type":"ListItem","position":2,"name":"Sobre mi","item":"https:\/\/jkeltai.com\/acerca-de-mi\/"},{"@type":"ListItem","position":3,"name":"Simplemente Cine","item":"https:\/\/jkeltai.com\/acerca-de-mi\/simplemente-cine\/"},{"@type":"ListItem","position":4,"name":"David Lynch"}]},{"@type":"WebSite","@id":"https:\/\/jkeltai.com\/#website","url":"https:\/\/jkeltai.com\/","name":"Javier Keltai","description":"Digital Postproduction","potentialAction":[{"@type":"SearchAction","target":{"@type":"EntryPoint","urlTemplate":"https:\/\/jkeltai.com\/?s={search_term_string}"},"query-input":{"@type":"PropertyValueSpecification","valueRequired":true,"valueName":"search_term_string"}}],"inLanguage":"de"}]}},"_links":{"self":[{"href":"https:\/\/jkeltai.com\/de\/wp-json\/wp\/v2\/pages\/1407","targetHints":{"allow":["GET"]}}],"collection":[{"href":"https:\/\/jkeltai.com\/de\/wp-json\/wp\/v2\/pages"}],"about":[{"href":"https:\/\/jkeltai.com\/de\/wp-json\/wp\/v2\/types\/page"}],"author":[{"embeddable":true,"href":"https:\/\/jkeltai.com\/de\/wp-json\/wp\/v2\/users\/1"}],"replies":[{"embeddable":true,"href":"https:\/\/jkeltai.com\/de\/wp-json\/wp\/v2\/comments?post=1407"}],"version-history":[{"count":38,"href":"https:\/\/jkeltai.com\/de\/wp-json\/wp\/v2\/pages\/1407\/revisions"}],"predecessor-version":[{"id":1825,"href":"https:\/\/jkeltai.com\/de\/wp-json\/wp\/v2\/pages\/1407\/revisions\/1825"}],"up":[{"embeddable":true,"href":"https:\/\/jkeltai.com\/de\/wp-json\/wp\/v2\/pages\/1369"}],"wp:attachment":[{"href":"https:\/\/jkeltai.com\/de\/wp-json\/wp\/v2\/media?parent=1407"}],"curies":[{"name":"wp","href":"https:\/\/api.w.org\/{rel}","templated":true}]}}