{"id":1492,"date":"2022-02-21T10:06:53","date_gmt":"2022-02-21T10:06:53","guid":{"rendered":"https:\/\/jkeltai.com\/?page_id=1492"},"modified":"2022-02-23T09:38:09","modified_gmt":"2022-02-23T09:38:09","slug":"jim-jarmush","status":"publish","type":"page","link":"https:\/\/jkeltai.com\/de\/acerca-de-mi\/simplemente-cine\/jim-jarmush\/","title":{"rendered":"Jim Jarmusch"},"content":{"rendered":"\n<p class=\"has-white-color has-text-color has-medium-font-size\">El cine de <em><a href=\"https:\/\/en.wikipedia.org\/wiki\/Jim_Jarmusch\" target=\"_blank\" rel=\"noreferrer noopener\"><strong><mark style=\"background-color:rgba(0, 0, 0, 0)\" class=\"has-inline-color has-cyan-bluish-gray-color\">Jim Jarmusch<\/mark><\/strong><\/a><\/em> es muy particular.  Influenciado por Aki Kaurismaki, Win Wenders y Yasujiro Ozu, el director de Akron parece interesarte por aquellos momentos o espacios muertos que otros omiten o convierten en elipsis dentro de la narraci\u00f3n.  Es sin duda uno de los pocos directores realmente independientes dentro del Cine norteam\u00e9ricano.<\/p>\n\n\n\n<div class=\"wp-block-image is-style-default\"><figure class=\"aligncenter size-medium\"><img loading=\"lazy\" decoding=\"async\" width=\"225\" height=\"300\" src=\"https:\/\/jkeltai.com\/wp-content\/uploads\/Jarmush-2-225x300.jpg\" alt=\"\" class=\"wp-image-1589\" srcset=\"https:\/\/jkeltai.com\/wp-content\/uploads\/Jarmush-2-225x300.jpg 225w, https:\/\/jkeltai.com\/wp-content\/uploads\/Jarmush-2-768x1024.jpg 768w, https:\/\/jkeltai.com\/wp-content\/uploads\/Jarmush-2-1x1.jpg 1w, https:\/\/jkeltai.com\/wp-content\/uploads\/Jarmush-2.jpg 900w\" sizes=\"auto, (max-width: 225px) 100vw, 225px\" \/><\/figure><\/div>\n\n\n\n<hr class=\"wp-block-separator\"\/>\n\n\n\n<div style=\"height:25px\" aria-hidden=\"true\" class=\"wp-block-spacer\"><\/div>\n\n\n\n<p class=\"has-white-color has-text-color has-medium-font-size\"> Paterson (2016) <\/p>\n\n\n\n<p class=\"has-white-color has-text-color\" style=\"font-size:15px\">Trailer de uno de los \u00faltimos Largometrajes de Jim Jarmusch.   Si bien no es ni lo mejor ni lo m\u00e1s representativo de su cine, presenta mucha de las caracter\u00edsticas que lo han acompa\u00f1ado en su carrera art\u00edstica.<\/p>\n\n\n\n<figure class=\"wp-block-embed aligncenter is-type-video is-provider-youtube wp-block-embed-youtube wp-embed-aspect-16-9 wp-has-aspect-ratio\"><div class=\"wp-block-embed__wrapper\">\n<iframe loading=\"lazy\" title=\"Paterson Official Trailer 1 (2016) - Adam Driver Movie\" width=\"654\" height=\"368\" src=\"https:\/\/www.youtube.com\/embed\/m8pGJBgiiDU?feature=oembed\" frameborder=\"0\" allow=\"accelerometer; autoplay; clipboard-write; encrypted-media; gyroscope; picture-in-picture; web-share\" referrerpolicy=\"strict-origin-when-cross-origin\" allowfullscreen><\/iframe>\n<\/div><\/figure>\n\n\n\n<div style=\"height:25px\" aria-hidden=\"true\" class=\"wp-block-spacer\"><\/div>\n\n\n\n<hr class=\"wp-block-separator\"\/>\n\n\n\n<div style=\"height:25px\" aria-hidden=\"true\" class=\"wp-block-spacer\"><\/div>\n\n\n\n<h2 class=\"has-white-color has-text-color wp-block-heading\" id=\"down-by-law-1986\">Down by Law (1986)<\/h2>\n\n\n\n<div style=\"height:25px\" aria-hidden=\"true\" class=\"wp-block-spacer\"><\/div>\n\n\n\n<p class=\"has-white-color has-text-color\" style=\"font-size:15px\">Esta escena de <em>Down by Law<\/em>, en la que <em>Roberto Benigni<\/em>, <em>Tom Waits<\/em> y <em>John Lurie<\/em> juegan a las cartas en la celda de una prisi\u00f3n, resulta a la vez genial e hilarante.  Como en muchas de las pel\u00edculas de <em>Jim Jarmusch<\/em>, la c\u00e1mara apenas se mueve y la escena en s\u00ed consta de s\u00f3lo dos planos.   La est\u00e9tica, puramente documental, asi como la iluminaci\u00f3n naturalista, permiten al espectador situarse en situ; Las interpretaciones hacen el resto.<\/p>\n\n\n\n<figure class=\"wp-block-embed aligncenter is-type-video is-provider-youtube wp-block-embed-youtube wp-embed-aspect-4-3 wp-has-aspect-ratio\"><div class=\"wp-block-embed__wrapper\">\n<iframe loading=\"lazy\" title=\"I Scream, You Scream, We All Scream for Ice Cream\" width=\"654\" height=\"368\" src=\"https:\/\/www.youtube.com\/embed\/7rK3s_BP9kE?feature=oembed\" frameborder=\"0\" allow=\"accelerometer; autoplay; clipboard-write; encrypted-media; gyroscope; picture-in-picture; web-share\" referrerpolicy=\"strict-origin-when-cross-origin\" allowfullscreen><\/iframe>\n<\/div><\/figure>\n\n\n\n<div style=\"height:25px\" aria-hidden=\"true\" class=\"wp-block-spacer\"><\/div>\n\n\n\n<hr class=\"wp-block-separator\"\/>\n\n\n\n<div style=\"height:25px\" aria-hidden=\"true\" class=\"wp-block-spacer\"><\/div>\n\n\n\n<p class=\"has-white-color has-text-color has-medium-font-size\">Dead Man (1995)<\/p>\n\n\n\n<p class=\"has-white-color has-text-color\" style=\"font-size:15px\">Western escrito y dirigido por <em>Jarmusch<\/em> y protagonizado por <em>Johnny De<\/em>pp; cuya banda sonora fue compuesta por <em>Niel Young<\/em>.  En el Film, Depp interpreta a <em>&#8222;William Blake&#8220;<\/em>, un hombre blanco herido de bala y fugitivo que se encuentra con un Indio que lo toma por la reencarnaci\u00f3n del famosos poeta ingl\u00e9s, y por ello lo ayuda en su huida.  Estos gui\u00f1os, integrando elementos de la poes\u00eda en sus pel\u00edculas, dejan entrever el inter\u00e9s de Jarmusch por la literatura adem\u00e1s del cine.<\/p>\n\n\n\n<figure class=\"wp-block-embed aligncenter is-type-video is-provider-youtube wp-block-embed-youtube wp-embed-aspect-4-3 wp-has-aspect-ratio\"><div class=\"wp-block-embed__wrapper\">\n<iframe loading=\"lazy\" title=\"Dead Man (some are born to endless night)\" width=\"654\" height=\"491\" src=\"https:\/\/www.youtube.com\/embed\/6WfbRJYKlM0?feature=oembed\" frameborder=\"0\" allow=\"accelerometer; autoplay; clipboard-write; encrypted-media; gyroscope; picture-in-picture; web-share\" referrerpolicy=\"strict-origin-when-cross-origin\" allowfullscreen><\/iframe>\n<\/div><\/figure>\n","protected":false},"excerpt":{"rendered":"<p>El cine de Jim Jarmusch es muy particular. Influenciado por Aki Kaurismaki, Win Wenders y Yasujiro Ozu, el director de Akron parece interesarte por aquellos momentos o espacios muertos que otros omiten o convierten en elipsis dentro de la narraci\u00f3n. Es sin duda uno de los pocos directores realmente independientes dentro del Cine norteam\u00e9ricano. Paterson&#8230;<\/p>\n","protected":false},"author":1,"featured_media":0,"parent":1369,"menu_order":0,"comment_status":"closed","ping_status":"closed","template":"page-templates\/twocolleftsidebar.php","meta":{"footnotes":""},"class_list":["post-1492","page","type-page","status-publish","hentry"],"yoast_head":"<!-- This site is optimized with the Yoast SEO plugin v25.2 - https:\/\/yoast.com\/wordpress\/plugins\/seo\/ -->\n<title>Jim Jarmusch - Javier Keltai<\/title>\n<meta name=\"robots\" content=\"index, follow, max-snippet:-1, max-image-preview:large, max-video-preview:-1\" \/>\n<link rel=\"canonical\" href=\"https:\/\/jkeltai.com\/acerca-de-mi\/simplemente-cine\/jim-jarmush\/\" \/>\n<meta property=\"og:locale\" content=\"de_DE\" \/>\n<meta property=\"og:type\" content=\"article\" \/>\n<meta property=\"og:title\" content=\"Jim Jarmusch - Javier Keltai\" \/>\n<meta property=\"og:description\" content=\"El cine de Jim Jarmusch es muy particular. Influenciado por Aki Kaurismaki, Win Wenders y Yasujiro Ozu, el director de Akron parece interesarte por aquellos momentos o espacios muertos que otros omiten o convierten en elipsis dentro de la narraci\u00f3n. Es sin duda uno de los pocos directores realmente independientes dentro del Cine norteam\u00e9ricano. Paterson...\" \/>\n<meta property=\"og:url\" content=\"https:\/\/jkeltai.com\/acerca-de-mi\/simplemente-cine\/jim-jarmush\/\" \/>\n<meta property=\"og:site_name\" content=\"Javier Keltai\" \/>\n<meta property=\"article:modified_time\" content=\"2022-02-23T09:38:09+00:00\" \/>\n<meta property=\"og:image\" content=\"https:\/\/jkeltai.com\/wp-content\/uploads\/Jarmush-2-225x300.jpg\" \/>\n<meta name=\"twitter:card\" content=\"summary_large_image\" \/>\n<meta name=\"twitter:label1\" content=\"Est. reading time\" \/>\n\t<meta name=\"twitter:data1\" content=\"1\u00a0Minute\" \/>\n<script type=\"application\/ld+json\" class=\"yoast-schema-graph\">{\"@context\":\"https:\/\/schema.org\",\"@graph\":[{\"@type\":\"WebPage\",\"@id\":\"https:\/\/jkeltai.com\/acerca-de-mi\/simplemente-cine\/jim-jarmush\/\",\"url\":\"https:\/\/jkeltai.com\/acerca-de-mi\/simplemente-cine\/jim-jarmush\/\",\"name\":\"Jim Jarmusch - Javier Keltai\",\"isPartOf\":{\"@id\":\"https:\/\/jkeltai.com\/#website\"},\"primaryImageOfPage\":{\"@id\":\"https:\/\/jkeltai.com\/acerca-de-mi\/simplemente-cine\/jim-jarmush\/#primaryimage\"},\"image\":{\"@id\":\"https:\/\/jkeltai.com\/acerca-de-mi\/simplemente-cine\/jim-jarmush\/#primaryimage\"},\"thumbnailUrl\":\"https:\/\/jkeltai.com\/wp-content\/uploads\/Jarmush-2-225x300.jpg\",\"datePublished\":\"2022-02-21T10:06:53+00:00\",\"dateModified\":\"2022-02-23T09:38:09+00:00\",\"breadcrumb\":{\"@id\":\"https:\/\/jkeltai.com\/acerca-de-mi\/simplemente-cine\/jim-jarmush\/#breadcrumb\"},\"inLanguage\":\"de\",\"potentialAction\":[{\"@type\":\"ReadAction\",\"target\":[\"https:\/\/jkeltai.com\/acerca-de-mi\/simplemente-cine\/jim-jarmush\/\"]}]},{\"@type\":\"ImageObject\",\"inLanguage\":\"de\",\"@id\":\"https:\/\/jkeltai.com\/acerca-de-mi\/simplemente-cine\/jim-jarmush\/#primaryimage\",\"url\":\"https:\/\/jkeltai.com\/wp-content\/uploads\/Jarmush-2-225x300.jpg\",\"contentUrl\":\"https:\/\/jkeltai.com\/wp-content\/uploads\/Jarmush-2-225x300.jpg\"},{\"@type\":\"BreadcrumbList\",\"@id\":\"https:\/\/jkeltai.com\/acerca-de-mi\/simplemente-cine\/jim-jarmush\/#breadcrumb\",\"itemListElement\":[{\"@type\":\"ListItem\",\"position\":1,\"name\":\"Portada\",\"item\":\"https:\/\/jkeltai.com\/\"},{\"@type\":\"ListItem\",\"position\":2,\"name\":\"Sobre mi\",\"item\":\"https:\/\/jkeltai.com\/acerca-de-mi\/\"},{\"@type\":\"ListItem\",\"position\":3,\"name\":\"Simplemente Cine\",\"item\":\"https:\/\/jkeltai.com\/acerca-de-mi\/simplemente-cine\/\"},{\"@type\":\"ListItem\",\"position\":4,\"name\":\"Jim Jarmusch\"}]},{\"@type\":\"WebSite\",\"@id\":\"https:\/\/jkeltai.com\/#website\",\"url\":\"https:\/\/jkeltai.com\/\",\"name\":\"Javier Keltai\",\"description\":\"Digital Postproduction\",\"potentialAction\":[{\"@type\":\"SearchAction\",\"target\":{\"@type\":\"EntryPoint\",\"urlTemplate\":\"https:\/\/jkeltai.com\/?s={search_term_string}\"},\"query-input\":{\"@type\":\"PropertyValueSpecification\",\"valueRequired\":true,\"valueName\":\"search_term_string\"}}],\"inLanguage\":\"de\"}]}<\/script>\n<!-- \/ Yoast SEO plugin. -->","yoast_head_json":{"title":"Jim Jarmusch - Javier Keltai","robots":{"index":"index","follow":"follow","max-snippet":"max-snippet:-1","max-image-preview":"max-image-preview:large","max-video-preview":"max-video-preview:-1"},"canonical":"https:\/\/jkeltai.com\/acerca-de-mi\/simplemente-cine\/jim-jarmush\/","og_locale":"de_DE","og_type":"article","og_title":"Jim Jarmusch - Javier Keltai","og_description":"El cine de Jim Jarmusch es muy particular. Influenciado por Aki Kaurismaki, Win Wenders y Yasujiro Ozu, el director de Akron parece interesarte por aquellos momentos o espacios muertos que otros omiten o convierten en elipsis dentro de la narraci\u00f3n. Es sin duda uno de los pocos directores realmente independientes dentro del Cine norteam\u00e9ricano. Paterson...","og_url":"https:\/\/jkeltai.com\/acerca-de-mi\/simplemente-cine\/jim-jarmush\/","og_site_name":"Javier Keltai","article_modified_time":"2022-02-23T09:38:09+00:00","og_image":[{"url":"https:\/\/jkeltai.com\/wp-content\/uploads\/Jarmush-2-225x300.jpg","type":"","width":"","height":""}],"twitter_card":"summary_large_image","twitter_misc":{"Est. reading time":"1\u00a0Minute"},"schema":{"@context":"https:\/\/schema.org","@graph":[{"@type":"WebPage","@id":"https:\/\/jkeltai.com\/acerca-de-mi\/simplemente-cine\/jim-jarmush\/","url":"https:\/\/jkeltai.com\/acerca-de-mi\/simplemente-cine\/jim-jarmush\/","name":"Jim Jarmusch - Javier Keltai","isPartOf":{"@id":"https:\/\/jkeltai.com\/#website"},"primaryImageOfPage":{"@id":"https:\/\/jkeltai.com\/acerca-de-mi\/simplemente-cine\/jim-jarmush\/#primaryimage"},"image":{"@id":"https:\/\/jkeltai.com\/acerca-de-mi\/simplemente-cine\/jim-jarmush\/#primaryimage"},"thumbnailUrl":"https:\/\/jkeltai.com\/wp-content\/uploads\/Jarmush-2-225x300.jpg","datePublished":"2022-02-21T10:06:53+00:00","dateModified":"2022-02-23T09:38:09+00:00","breadcrumb":{"@id":"https:\/\/jkeltai.com\/acerca-de-mi\/simplemente-cine\/jim-jarmush\/#breadcrumb"},"inLanguage":"de","potentialAction":[{"@type":"ReadAction","target":["https:\/\/jkeltai.com\/acerca-de-mi\/simplemente-cine\/jim-jarmush\/"]}]},{"@type":"ImageObject","inLanguage":"de","@id":"https:\/\/jkeltai.com\/acerca-de-mi\/simplemente-cine\/jim-jarmush\/#primaryimage","url":"https:\/\/jkeltai.com\/wp-content\/uploads\/Jarmush-2-225x300.jpg","contentUrl":"https:\/\/jkeltai.com\/wp-content\/uploads\/Jarmush-2-225x300.jpg"},{"@type":"BreadcrumbList","@id":"https:\/\/jkeltai.com\/acerca-de-mi\/simplemente-cine\/jim-jarmush\/#breadcrumb","itemListElement":[{"@type":"ListItem","position":1,"name":"Portada","item":"https:\/\/jkeltai.com\/"},{"@type":"ListItem","position":2,"name":"Sobre mi","item":"https:\/\/jkeltai.com\/acerca-de-mi\/"},{"@type":"ListItem","position":3,"name":"Simplemente Cine","item":"https:\/\/jkeltai.com\/acerca-de-mi\/simplemente-cine\/"},{"@type":"ListItem","position":4,"name":"Jim Jarmusch"}]},{"@type":"WebSite","@id":"https:\/\/jkeltai.com\/#website","url":"https:\/\/jkeltai.com\/","name":"Javier Keltai","description":"Digital Postproduction","potentialAction":[{"@type":"SearchAction","target":{"@type":"EntryPoint","urlTemplate":"https:\/\/jkeltai.com\/?s={search_term_string}"},"query-input":{"@type":"PropertyValueSpecification","valueRequired":true,"valueName":"search_term_string"}}],"inLanguage":"de"}]}},"_links":{"self":[{"href":"https:\/\/jkeltai.com\/de\/wp-json\/wp\/v2\/pages\/1492","targetHints":{"allow":["GET"]}}],"collection":[{"href":"https:\/\/jkeltai.com\/de\/wp-json\/wp\/v2\/pages"}],"about":[{"href":"https:\/\/jkeltai.com\/de\/wp-json\/wp\/v2\/types\/page"}],"author":[{"embeddable":true,"href":"https:\/\/jkeltai.com\/de\/wp-json\/wp\/v2\/users\/1"}],"replies":[{"embeddable":true,"href":"https:\/\/jkeltai.com\/de\/wp-json\/wp\/v2\/comments?post=1492"}],"version-history":[{"count":30,"href":"https:\/\/jkeltai.com\/de\/wp-json\/wp\/v2\/pages\/1492\/revisions"}],"predecessor-version":[{"id":1787,"href":"https:\/\/jkeltai.com\/de\/wp-json\/wp\/v2\/pages\/1492\/revisions\/1787"}],"up":[{"embeddable":true,"href":"https:\/\/jkeltai.com\/de\/wp-json\/wp\/v2\/pages\/1369"}],"wp:attachment":[{"href":"https:\/\/jkeltai.com\/de\/wp-json\/wp\/v2\/media?parent=1492"}],"curies":[{"name":"wp","href":"https:\/\/api.w.org\/{rel}","templated":true}]}}