{"id":72,"date":"2015-09-21T10:00:01","date_gmt":"2015-09-21T10:00:01","guid":{"rendered":"https:\/\/jkeltai.com\/?page_id=72"},"modified":"2023-10-29T13:50:29","modified_gmt":"2023-10-29T13:50:29","slug":"biografia","status":"publish","type":"page","link":"https:\/\/jkeltai.com\/de\/acerca-de-mi\/biografia\/","title":{"rendered":"Biografie"},"content":{"rendered":"<p><\/p>\n<p style=\"text-align: justify;\"><img loading=\"lazy\" decoding=\"async\" class=\"alignright size-medium wp-image-229\" src=\"https:\/\/jkeltai.com\/wp-content\/uploads\/JAVI-1--200x300.jpg\" alt=\"Javier Keltai Colorista\" width=\"200\" height=\"300\" srcset=\"https:\/\/jkeltai.com\/wp-content\/uploads\/JAVI-1--200x300.jpg 200w, https:\/\/jkeltai.com\/wp-content\/uploads\/JAVI-1--683x1024.jpg 683w, https:\/\/jkeltai.com\/wp-content\/uploads\/JAVI-1--1x1.jpg 1w\" sizes=\"auto, (max-width: 200px) 100vw, 200px\" \/><\/p>\n<p>Hi,<\/p>\n<p>ich bin Javier Keltai und komme aus Caracas in Venezuela.<\/p>\n<p>Als Visual Effects Artist bin ich auf den Bereich Compositing spezialisiert. Meine Grundlagen liegen hierbei in der Fotografie, der professionellen Farbkorrektur und dem Postproduction-Workflow.<\/p>\n<p>Seit 2012 gehe ich meiner Leidenschaft in Deutschland und Belgien in der Werbung, dem Kino und dem TV nach.<\/p>\n<p>Als K\u00fcnstler, interessieren mich dabei alle Facetten der visuellen Gestaltung. Von audiovisuellen Medien wie klassischen und modernen Filmen, Videoclips, TV-Spots, CGI und Videospielen bis hin zur Malerei, Skulpturen, Installationen und Kunstwerken.<\/p>\n<p>F\u00fcr meine Arbeit als Compositing Artist kommt mir meine Passion f\u00fcr die Fotografie zugute.<span class=\"Apple-converted-space\">\u00a0 <\/span>Dazu geh\u00f6rt die Analyse aller technischen Faktoren, die ein gutes Bild ausmachen: die verschiedenen Formen und Charakteristika des Lichts, der Einfluss von Linse und Kamera, die Regeln der Bildkomposition, Farbschemata und die Wahl der Brennweite als bewusstes cineastisches Stilmittel.<\/p>\n<p>Mir ist bewusst, wie wichtig es f\u00fcr meine Arbeit es ist, die richtige Balance zwischen dem k\u00fcnstlerischen Blick und einem ausgepr\u00e4gten technischen Verst\u00e4ndnis zu finden, um das optimale Ergebnis zu erzielen. Hierf\u00fcr halte ich mich stets \u00fcber alle Neu- und Weiterentwicklungen in den Bereichen Formate, Codecs, Color Pipelines etc. auf dem Laufenden.<span class=\"Apple-converted-space\">\u00a0<\/span><\/p>\n<p>Ich freue mich sehr darauf, dich kennenzulernen und dich bei deinem n\u00e4chsten gro\u00dfen Projekt mit meiner \u00fcber 15-j\u00e4hrigen Erfahrung in der Produktion von audiovisuellen Medien zu unterst\u00fctzen.<\/p>\n<p><\/p>","protected":false},"excerpt":{"rendered":"<p>Hi, ich bin Javier Keltai und komme aus Caracas in Venezuela. Als Visual Effects Artist bin ich auf den Bereich Compositing spezialisiert. Meine Grundlagen liegen hierbei in der Fotografie, der professionellen Farbkorrektur und dem Postproduction-Workflow. Seit 2012 gehe ich meiner Leidenschaft in Deutschland und Belgien in der Werbung, dem Kino und dem TV nach. Als&#8230;<\/p>\n","protected":false},"author":1,"featured_media":0,"parent":48,"menu_order":0,"comment_status":"closed","ping_status":"closed","template":"page-templates\/twocolleftsidebar.php","meta":{"footnotes":""},"class_list":["post-72","page","type-page","status-publish","hentry"],"yoast_head":"<!-- This site is optimized with the Yoast SEO plugin v25.2 - https:\/\/yoast.com\/wordpress\/plugins\/seo\/ -->\n<title>Biografie - Javier Keltai<\/title>\n<meta name=\"robots\" content=\"index, follow, max-snippet:-1, max-image-preview:large, max-video-preview:-1\" \/>\n<link rel=\"canonical\" href=\"https:\/\/jkeltai.com\/acerca-de-mi\/biografia\/\" \/>\n<meta property=\"og:locale\" content=\"de_DE\" \/>\n<meta property=\"og:type\" content=\"article\" \/>\n<meta property=\"og:title\" content=\"[:de]Biografie[:en]Biography[:es]Biograf\u00eda[:] - Javier Keltai\" \/>\n<meta property=\"og:description\" content=\"Hi, ich bin Javier Keltai und komme aus Caracas in Venezuela. Als Visual Effects Artist bin ich auf den Bereich Compositing spezialisiert. Meine Grundlagen liegen hierbei in der Fotografie, der professionellen Farbkorrektur und dem Postproduction-Workflow. Seit 2012 gehe ich meiner Leidenschaft in Deutschland und Belgien in der Werbung, dem Kino und dem TV nach. Als...\" \/>\n<meta property=\"og:url\" content=\"https:\/\/jkeltai.com\/acerca-de-mi\/biografia\/\" \/>\n<meta property=\"og:site_name\" content=\"Javier Keltai\" \/>\n<meta property=\"article:modified_time\" content=\"2023-10-29T13:50:29+00:00\" \/>\n<meta property=\"og:image\" content=\"https:\/\/jkeltai.com\/wp-content\/uploads\/JAVI-1--200x300.jpg\" \/>\n<meta name=\"twitter:card\" content=\"summary_large_image\" \/>\n<meta name=\"twitter:label1\" content=\"Est. reading time\" \/>\n\t<meta name=\"twitter:data1\" content=\"3\u00a0Minuten\" \/>\n<script type=\"application\/ld+json\" class=\"yoast-schema-graph\">{\"@context\":\"https:\/\/schema.org\",\"@graph\":[{\"@type\":\"WebPage\",\"@id\":\"https:\/\/jkeltai.com\/acerca-de-mi\/biografia\/\",\"url\":\"https:\/\/jkeltai.com\/acerca-de-mi\/biografia\/\",\"name\":\"[:de]Biografie[:en]Biography[:es]Biograf\u00eda[:] - Javier Keltai\",\"isPartOf\":{\"@id\":\"https:\/\/jkeltai.com\/#website\"},\"primaryImageOfPage\":{\"@id\":\"https:\/\/jkeltai.com\/acerca-de-mi\/biografia\/#primaryimage\"},\"image\":{\"@id\":\"https:\/\/jkeltai.com\/acerca-de-mi\/biografia\/#primaryimage\"},\"thumbnailUrl\":\"https:\/\/jkeltai.com\/wp-content\/uploads\/JAVI-1--200x300.jpg\",\"datePublished\":\"2015-09-21T10:00:01+00:00\",\"dateModified\":\"2023-10-29T13:50:29+00:00\",\"breadcrumb\":{\"@id\":\"https:\/\/jkeltai.com\/acerca-de-mi\/biografia\/#breadcrumb\"},\"inLanguage\":\"de\",\"potentialAction\":[{\"@type\":\"ReadAction\",\"target\":[\"https:\/\/jkeltai.com\/acerca-de-mi\/biografia\/\"]}]},{\"@type\":\"ImageObject\",\"inLanguage\":\"de\",\"@id\":\"https:\/\/jkeltai.com\/acerca-de-mi\/biografia\/#primaryimage\",\"url\":\"https:\/\/jkeltai.com\/wp-content\/uploads\/JAVI-1--200x300.jpg\",\"contentUrl\":\"https:\/\/jkeltai.com\/wp-content\/uploads\/JAVI-1--200x300.jpg\"},{\"@type\":\"BreadcrumbList\",\"@id\":\"https:\/\/jkeltai.com\/acerca-de-mi\/biografia\/#breadcrumb\",\"itemListElement\":[{\"@type\":\"ListItem\",\"position\":1,\"name\":\"Portada\",\"item\":\"https:\/\/jkeltai.com\/\"},{\"@type\":\"ListItem\",\"position\":2,\"name\":\"Sobre mi\",\"item\":\"https:\/\/jkeltai.com\/acerca-de-mi\/\"},{\"@type\":\"ListItem\",\"position\":3,\"name\":\"Biograf\u00eda\"}]},{\"@type\":\"WebSite\",\"@id\":\"https:\/\/jkeltai.com\/#website\",\"url\":\"https:\/\/jkeltai.com\/\",\"name\":\"Javier Keltai\",\"description\":\"Digital Postproduction\",\"potentialAction\":[{\"@type\":\"SearchAction\",\"target\":{\"@type\":\"EntryPoint\",\"urlTemplate\":\"https:\/\/jkeltai.com\/?s={search_term_string}\"},\"query-input\":{\"@type\":\"PropertyValueSpecification\",\"valueRequired\":true,\"valueName\":\"search_term_string\"}}],\"inLanguage\":\"de\"}]}<\/script>\n<!-- \/ Yoast SEO plugin. -->","yoast_head_json":{"title":"[:de]Biografie[:en]Biography[:es]Biograf\u00eda[:] - Javier Keltai","robots":{"index":"index","follow":"follow","max-snippet":"max-snippet:-1","max-image-preview":"max-image-preview:large","max-video-preview":"max-video-preview:-1"},"canonical":"https:\/\/jkeltai.com\/acerca-de-mi\/biografia\/","og_locale":"de_DE","og_type":"article","og_title":"[:de]Biografie[:en]Biography[:es]Biograf\u00eda[:] - Javier Keltai","og_description":"Hi, ich bin Javier Keltai und komme aus Caracas in Venezuela. Als Visual Effects Artist bin ich auf den Bereich Compositing spezialisiert. Meine Grundlagen liegen hierbei in der Fotografie, der professionellen Farbkorrektur und dem Postproduction-Workflow. Seit 2012 gehe ich meiner Leidenschaft in Deutschland und Belgien in der Werbung, dem Kino und dem TV nach. Als...","og_url":"https:\/\/jkeltai.com\/acerca-de-mi\/biografia\/","og_site_name":"Javier Keltai","article_modified_time":"2023-10-29T13:50:29+00:00","og_image":[{"url":"https:\/\/jkeltai.com\/wp-content\/uploads\/JAVI-1--200x300.jpg","type":"","width":"","height":""}],"twitter_card":"summary_large_image","twitter_misc":{"Est. reading time":"3\u00a0Minuten"},"schema":{"@context":"https:\/\/schema.org","@graph":[{"@type":"WebPage","@id":"https:\/\/jkeltai.com\/acerca-de-mi\/biografia\/","url":"https:\/\/jkeltai.com\/acerca-de-mi\/biografia\/","name":"[:de]Biografie[:en]Biography[:es]Biograf\u00eda[:] - Javier Keltai","isPartOf":{"@id":"https:\/\/jkeltai.com\/#website"},"primaryImageOfPage":{"@id":"https:\/\/jkeltai.com\/acerca-de-mi\/biografia\/#primaryimage"},"image":{"@id":"https:\/\/jkeltai.com\/acerca-de-mi\/biografia\/#primaryimage"},"thumbnailUrl":"https:\/\/jkeltai.com\/wp-content\/uploads\/JAVI-1--200x300.jpg","datePublished":"2015-09-21T10:00:01+00:00","dateModified":"2023-10-29T13:50:29+00:00","breadcrumb":{"@id":"https:\/\/jkeltai.com\/acerca-de-mi\/biografia\/#breadcrumb"},"inLanguage":"de","potentialAction":[{"@type":"ReadAction","target":["https:\/\/jkeltai.com\/acerca-de-mi\/biografia\/"]}]},{"@type":"ImageObject","inLanguage":"de","@id":"https:\/\/jkeltai.com\/acerca-de-mi\/biografia\/#primaryimage","url":"https:\/\/jkeltai.com\/wp-content\/uploads\/JAVI-1--200x300.jpg","contentUrl":"https:\/\/jkeltai.com\/wp-content\/uploads\/JAVI-1--200x300.jpg"},{"@type":"BreadcrumbList","@id":"https:\/\/jkeltai.com\/acerca-de-mi\/biografia\/#breadcrumb","itemListElement":[{"@type":"ListItem","position":1,"name":"Portada","item":"https:\/\/jkeltai.com\/"},{"@type":"ListItem","position":2,"name":"Sobre mi","item":"https:\/\/jkeltai.com\/acerca-de-mi\/"},{"@type":"ListItem","position":3,"name":"Biograf\u00eda"}]},{"@type":"WebSite","@id":"https:\/\/jkeltai.com\/#website","url":"https:\/\/jkeltai.com\/","name":"Javier Keltai","description":"Digital Postproduction","potentialAction":[{"@type":"SearchAction","target":{"@type":"EntryPoint","urlTemplate":"https:\/\/jkeltai.com\/?s={search_term_string}"},"query-input":{"@type":"PropertyValueSpecification","valueRequired":true,"valueName":"search_term_string"}}],"inLanguage":"de"}]}},"_links":{"self":[{"href":"https:\/\/jkeltai.com\/de\/wp-json\/wp\/v2\/pages\/72","targetHints":{"allow":["GET"]}}],"collection":[{"href":"https:\/\/jkeltai.com\/de\/wp-json\/wp\/v2\/pages"}],"about":[{"href":"https:\/\/jkeltai.com\/de\/wp-json\/wp\/v2\/types\/page"}],"author":[{"embeddable":true,"href":"https:\/\/jkeltai.com\/de\/wp-json\/wp\/v2\/users\/1"}],"replies":[{"embeddable":true,"href":"https:\/\/jkeltai.com\/de\/wp-json\/wp\/v2\/comments?post=72"}],"version-history":[{"count":58,"href":"https:\/\/jkeltai.com\/de\/wp-json\/wp\/v2\/pages\/72\/revisions"}],"predecessor-version":[{"id":2153,"href":"https:\/\/jkeltai.com\/de\/wp-json\/wp\/v2\/pages\/72\/revisions\/2153"}],"up":[{"embeddable":true,"href":"https:\/\/jkeltai.com\/de\/wp-json\/wp\/v2\/pages\/48"}],"wp:attachment":[{"href":"https:\/\/jkeltai.com\/de\/wp-json\/wp\/v2\/media?parent=72"}],"curies":[{"name":"wp","href":"https:\/\/api.w.org\/{rel}","templated":true}]}}