{"id":1600,"date":"2022-02-21T14:07:52","date_gmt":"2022-02-21T14:07:52","guid":{"rendered":"https:\/\/jkeltai.com\/?page_id=1600"},"modified":"2022-02-23T10:21:26","modified_gmt":"2022-02-23T10:21:26","slug":"won-kar-wai","status":"publish","type":"page","link":"https:\/\/jkeltai.com\/en\/acerca-de-mi\/simplemente-cine\/won-kar-wai\/","title":{"rendered":"Wong Kar-wai"},"content":{"rendered":"\n<p class=\"has-white-color has-text-color has-medium-font-size\"><em>Wong Kar-Wai<\/em> es un director reconocible est\u00e9ticamente desde el primer fotograma.  Su trabajo se caracteriza por la belleza de sus im\u00e1genes, su capacidad para generar atm\u00f3sferas envolventes, y por el uso de la m\u00fasica con valor narrativo.  Su obsesi\u00f3n principal, el desamor y la perdida del ser querido.<\/p>\n\n\n\n<div class=\"wp-block-image is-style-default\"><figure class=\"aligncenter size-medium\"><img loading=\"lazy\" decoding=\"async\" width=\"225\" height=\"300\" src=\"https:\/\/jkeltai.com\/wp-content\/uploads\/Won-Kar-Wai-225x300.jpg\" alt=\"\" class=\"wp-image-1602\" srcset=\"https:\/\/jkeltai.com\/wp-content\/uploads\/Won-Kar-Wai-225x300.jpg 225w, https:\/\/jkeltai.com\/wp-content\/uploads\/Won-Kar-Wai-768x1024.jpg 768w, https:\/\/jkeltai.com\/wp-content\/uploads\/Won-Kar-Wai-1x1.jpg 1w, https:\/\/jkeltai.com\/wp-content\/uploads\/Won-Kar-Wai.jpg 900w\" sizes=\"auto, (max-width: 225px) 100vw, 225px\" \/><\/figure><\/div>\n\n\n\n<hr class=\"wp-block-separator\"\/>\n\n\n\n<div style=\"height:25px\" aria-hidden=\"true\" class=\"wp-block-spacer\"><\/div>\n\n\n\n<p class=\"has-medium-font-size\">2046 (2004)<\/p>\n\n\n\n<p class=\"has-medium-font-size\">Trailer del antepen\u00faltimo largometraje de Wong Kar-wai.  Este film, representa un cenit est\u00e9tico en la carrera del director.  Junto a Christopher Doyle como director de fotograf\u00eda, conforma un duo din\u00e1mico que deslumbra al espectador con su riqueza visual y la poes\u00eda de sus im\u00e1genes, abordando las obsesiones que siempre le han acompa\u00f1ado: la soledad, el amor y los recuerdos.<\/p>\n\n\n\n<figure class=\"wp-block-embed aligncenter is-type-video is-provider-youtube wp-block-embed-youtube wp-embed-aspect-16-9 wp-has-aspect-ratio\"><div class=\"wp-block-embed__wrapper\">\n<iframe loading=\"lazy\" title=\"2046 4K | Official Trailer (English)\" width=\"654\" height=\"368\" src=\"https:\/\/www.youtube.com\/embed\/xjmvuBY3560?feature=oembed\" frameborder=\"0\" allow=\"accelerometer; autoplay; clipboard-write; encrypted-media; gyroscope; picture-in-picture; web-share\" referrerpolicy=\"strict-origin-when-cross-origin\" allowfullscreen><\/iframe>\n<\/div><\/figure>\n\n\n\n<div style=\"height:25px\" aria-hidden=\"true\" class=\"wp-block-spacer\"><\/div>\n\n\n\n<hr class=\"wp-block-separator\"\/>\n\n\n\n<div style=\"height:25px\" aria-hidden=\"true\" class=\"wp-block-spacer\"><\/div>\n\n\n\n<figure class=\"wp-block-embed is-type-video is-provider-youtube wp-block-embed-youtube wp-embed-aspect-16-9 wp-has-aspect-ratio\"><div class=\"wp-block-embed__wrapper\">\n<iframe loading=\"lazy\" title=\"Chungking Express (1994) ORIGINAL TRAILER [HD 1080p]\" width=\"654\" height=\"368\" src=\"https:\/\/www.youtube.com\/embed\/C3NDz_7KP2g?feature=oembed\" frameborder=\"0\" allow=\"accelerometer; autoplay; clipboard-write; encrypted-media; gyroscope; picture-in-picture; web-share\" referrerpolicy=\"strict-origin-when-cross-origin\" allowfullscreen><\/iframe>\n<\/div><\/figure>\n\n\n\n<figure class=\"wp-block-embed aligncenter is-type-video is-provider-youtube wp-block-embed-youtube wp-embed-aspect-4-3 wp-has-aspect-ratio\"><div class=\"wp-block-embed__wrapper\">\n<iframe loading=\"lazy\" title=\"Quentin Tarantino on &quot;Chungking Express&quot;\" width=\"654\" height=\"491\" src=\"https:\/\/www.youtube.com\/embed\/RoHg-RvcwzE?feature=oembed\" frameborder=\"0\" allow=\"accelerometer; autoplay; clipboard-write; encrypted-media; gyroscope; picture-in-picture; web-share\" referrerpolicy=\"strict-origin-when-cross-origin\" allowfullscreen><\/iframe>\n<\/div><\/figure>\n","protected":false},"excerpt":{"rendered":"<p>Wong Kar-Wai es un director reconocible est\u00e9ticamente desde el primer fotograma. Su trabajo se caracteriza por la belleza de sus im\u00e1genes, su capacidad para generar atm\u00f3sferas envolventes, y por el uso de la m\u00fasica con valor narrativo. Su obsesi\u00f3n principal, el desamor y la perdida del ser querido. 2046 (2004) Trailer del antepen\u00faltimo largometraje de&#8230;<\/p>\n","protected":false},"author":1,"featured_media":0,"parent":1369,"menu_order":0,"comment_status":"closed","ping_status":"closed","template":"page-templates\/twocolleftsidebar.php","meta":{"footnotes":""},"class_list":["post-1600","page","type-page","status-publish","hentry"],"yoast_head":"<!-- This site is optimized with the Yoast SEO plugin v25.2 - https:\/\/yoast.com\/wordpress\/plugins\/seo\/ -->\n<title>Wong Kar-wai - Javier Keltai<\/title>\n<meta name=\"robots\" content=\"index, follow, max-snippet:-1, max-image-preview:large, max-video-preview:-1\" \/>\n<link rel=\"canonical\" href=\"https:\/\/jkeltai.com\/acerca-de-mi\/simplemente-cine\/won-kar-wai\/\" \/>\n<meta property=\"og:locale\" content=\"en_US\" \/>\n<meta property=\"og:type\" content=\"article\" \/>\n<meta property=\"og:title\" content=\"Wong Kar-wai - Javier Keltai\" \/>\n<meta property=\"og:description\" content=\"Wong Kar-Wai es un director reconocible est\u00e9ticamente desde el primer fotograma. Su trabajo se caracteriza por la belleza de sus im\u00e1genes, su capacidad para generar atm\u00f3sferas envolventes, y por el uso de la m\u00fasica con valor narrativo. Su obsesi\u00f3n principal, el desamor y la perdida del ser querido. 2046 (2004) Trailer del antepen\u00faltimo largometraje de...\" \/>\n<meta property=\"og:url\" content=\"https:\/\/jkeltai.com\/acerca-de-mi\/simplemente-cine\/won-kar-wai\/\" \/>\n<meta property=\"og:site_name\" content=\"Javier Keltai\" \/>\n<meta property=\"article:modified_time\" content=\"2022-02-23T10:21:26+00:00\" \/>\n<meta property=\"og:image\" content=\"https:\/\/jkeltai.com\/wp-content\/uploads\/Won-Kar-Wai-225x300.jpg\" \/>\n<meta name=\"twitter:card\" content=\"summary_large_image\" \/>\n<meta name=\"twitter:label1\" content=\"Est. reading time\" \/>\n\t<meta name=\"twitter:data1\" content=\"1 minute\" \/>\n<script type=\"application\/ld+json\" class=\"yoast-schema-graph\">{\"@context\":\"https:\/\/schema.org\",\"@graph\":[{\"@type\":\"WebPage\",\"@id\":\"https:\/\/jkeltai.com\/acerca-de-mi\/simplemente-cine\/won-kar-wai\/\",\"url\":\"https:\/\/jkeltai.com\/acerca-de-mi\/simplemente-cine\/won-kar-wai\/\",\"name\":\"Wong Kar-wai - Javier Keltai\",\"isPartOf\":{\"@id\":\"https:\/\/jkeltai.com\/#website\"},\"primaryImageOfPage\":{\"@id\":\"https:\/\/jkeltai.com\/acerca-de-mi\/simplemente-cine\/won-kar-wai\/#primaryimage\"},\"image\":{\"@id\":\"https:\/\/jkeltai.com\/acerca-de-mi\/simplemente-cine\/won-kar-wai\/#primaryimage\"},\"thumbnailUrl\":\"https:\/\/jkeltai.com\/wp-content\/uploads\/Won-Kar-Wai-225x300.jpg\",\"datePublished\":\"2022-02-21T14:07:52+00:00\",\"dateModified\":\"2022-02-23T10:21:26+00:00\",\"breadcrumb\":{\"@id\":\"https:\/\/jkeltai.com\/acerca-de-mi\/simplemente-cine\/won-kar-wai\/#breadcrumb\"},\"inLanguage\":\"en-US\",\"potentialAction\":[{\"@type\":\"ReadAction\",\"target\":[\"https:\/\/jkeltai.com\/acerca-de-mi\/simplemente-cine\/won-kar-wai\/\"]}]},{\"@type\":\"ImageObject\",\"inLanguage\":\"en-US\",\"@id\":\"https:\/\/jkeltai.com\/acerca-de-mi\/simplemente-cine\/won-kar-wai\/#primaryimage\",\"url\":\"https:\/\/jkeltai.com\/wp-content\/uploads\/Won-Kar-Wai-225x300.jpg\",\"contentUrl\":\"https:\/\/jkeltai.com\/wp-content\/uploads\/Won-Kar-Wai-225x300.jpg\"},{\"@type\":\"BreadcrumbList\",\"@id\":\"https:\/\/jkeltai.com\/acerca-de-mi\/simplemente-cine\/won-kar-wai\/#breadcrumb\",\"itemListElement\":[{\"@type\":\"ListItem\",\"position\":1,\"name\":\"Portada\",\"item\":\"https:\/\/jkeltai.com\/\"},{\"@type\":\"ListItem\",\"position\":2,\"name\":\"Sobre mi\",\"item\":\"https:\/\/jkeltai.com\/acerca-de-mi\/\"},{\"@type\":\"ListItem\",\"position\":3,\"name\":\"Simplemente Cine\",\"item\":\"https:\/\/jkeltai.com\/acerca-de-mi\/simplemente-cine\/\"},{\"@type\":\"ListItem\",\"position\":4,\"name\":\"Wong Kar-wai\"}]},{\"@type\":\"WebSite\",\"@id\":\"https:\/\/jkeltai.com\/#website\",\"url\":\"https:\/\/jkeltai.com\/\",\"name\":\"Javier Keltai\",\"description\":\"Digital Postproduction\",\"potentialAction\":[{\"@type\":\"SearchAction\",\"target\":{\"@type\":\"EntryPoint\",\"urlTemplate\":\"https:\/\/jkeltai.com\/?s={search_term_string}\"},\"query-input\":{\"@type\":\"PropertyValueSpecification\",\"valueRequired\":true,\"valueName\":\"search_term_string\"}}],\"inLanguage\":\"en-US\"}]}<\/script>\n<!-- \/ Yoast SEO plugin. -->","yoast_head_json":{"title":"Wong Kar-wai - Javier Keltai","robots":{"index":"index","follow":"follow","max-snippet":"max-snippet:-1","max-image-preview":"max-image-preview:large","max-video-preview":"max-video-preview:-1"},"canonical":"https:\/\/jkeltai.com\/acerca-de-mi\/simplemente-cine\/won-kar-wai\/","og_locale":"en_US","og_type":"article","og_title":"Wong Kar-wai - Javier Keltai","og_description":"Wong Kar-Wai es un director reconocible est\u00e9ticamente desde el primer fotograma. Su trabajo se caracteriza por la belleza de sus im\u00e1genes, su capacidad para generar atm\u00f3sferas envolventes, y por el uso de la m\u00fasica con valor narrativo. Su obsesi\u00f3n principal, el desamor y la perdida del ser querido. 2046 (2004) Trailer del antepen\u00faltimo largometraje de...","og_url":"https:\/\/jkeltai.com\/acerca-de-mi\/simplemente-cine\/won-kar-wai\/","og_site_name":"Javier Keltai","article_modified_time":"2022-02-23T10:21:26+00:00","og_image":[{"url":"https:\/\/jkeltai.com\/wp-content\/uploads\/Won-Kar-Wai-225x300.jpg","type":"","width":"","height":""}],"twitter_card":"summary_large_image","twitter_misc":{"Est. reading time":"1 minute"},"schema":{"@context":"https:\/\/schema.org","@graph":[{"@type":"WebPage","@id":"https:\/\/jkeltai.com\/acerca-de-mi\/simplemente-cine\/won-kar-wai\/","url":"https:\/\/jkeltai.com\/acerca-de-mi\/simplemente-cine\/won-kar-wai\/","name":"Wong Kar-wai - Javier Keltai","isPartOf":{"@id":"https:\/\/jkeltai.com\/#website"},"primaryImageOfPage":{"@id":"https:\/\/jkeltai.com\/acerca-de-mi\/simplemente-cine\/won-kar-wai\/#primaryimage"},"image":{"@id":"https:\/\/jkeltai.com\/acerca-de-mi\/simplemente-cine\/won-kar-wai\/#primaryimage"},"thumbnailUrl":"https:\/\/jkeltai.com\/wp-content\/uploads\/Won-Kar-Wai-225x300.jpg","datePublished":"2022-02-21T14:07:52+00:00","dateModified":"2022-02-23T10:21:26+00:00","breadcrumb":{"@id":"https:\/\/jkeltai.com\/acerca-de-mi\/simplemente-cine\/won-kar-wai\/#breadcrumb"},"inLanguage":"en-US","potentialAction":[{"@type":"ReadAction","target":["https:\/\/jkeltai.com\/acerca-de-mi\/simplemente-cine\/won-kar-wai\/"]}]},{"@type":"ImageObject","inLanguage":"en-US","@id":"https:\/\/jkeltai.com\/acerca-de-mi\/simplemente-cine\/won-kar-wai\/#primaryimage","url":"https:\/\/jkeltai.com\/wp-content\/uploads\/Won-Kar-Wai-225x300.jpg","contentUrl":"https:\/\/jkeltai.com\/wp-content\/uploads\/Won-Kar-Wai-225x300.jpg"},{"@type":"BreadcrumbList","@id":"https:\/\/jkeltai.com\/acerca-de-mi\/simplemente-cine\/won-kar-wai\/#breadcrumb","itemListElement":[{"@type":"ListItem","position":1,"name":"Portada","item":"https:\/\/jkeltai.com\/"},{"@type":"ListItem","position":2,"name":"Sobre mi","item":"https:\/\/jkeltai.com\/acerca-de-mi\/"},{"@type":"ListItem","position":3,"name":"Simplemente Cine","item":"https:\/\/jkeltai.com\/acerca-de-mi\/simplemente-cine\/"},{"@type":"ListItem","position":4,"name":"Wong Kar-wai"}]},{"@type":"WebSite","@id":"https:\/\/jkeltai.com\/#website","url":"https:\/\/jkeltai.com\/","name":"Javier Keltai","description":"Digital Postproduction","potentialAction":[{"@type":"SearchAction","target":{"@type":"EntryPoint","urlTemplate":"https:\/\/jkeltai.com\/?s={search_term_string}"},"query-input":{"@type":"PropertyValueSpecification","valueRequired":true,"valueName":"search_term_string"}}],"inLanguage":"en-US"}]}},"_links":{"self":[{"href":"https:\/\/jkeltai.com\/en\/wp-json\/wp\/v2\/pages\/1600","targetHints":{"allow":["GET"]}}],"collection":[{"href":"https:\/\/jkeltai.com\/en\/wp-json\/wp\/v2\/pages"}],"about":[{"href":"https:\/\/jkeltai.com\/en\/wp-json\/wp\/v2\/types\/page"}],"author":[{"embeddable":true,"href":"https:\/\/jkeltai.com\/en\/wp-json\/wp\/v2\/users\/1"}],"replies":[{"embeddable":true,"href":"https:\/\/jkeltai.com\/en\/wp-json\/wp\/v2\/comments?post=1600"}],"version-history":[{"count":11,"href":"https:\/\/jkeltai.com\/en\/wp-json\/wp\/v2\/pages\/1600\/revisions"}],"predecessor-version":[{"id":1803,"href":"https:\/\/jkeltai.com\/en\/wp-json\/wp\/v2\/pages\/1600\/revisions\/1803"}],"up":[{"embeddable":true,"href":"https:\/\/jkeltai.com\/en\/wp-json\/wp\/v2\/pages\/1369"}],"wp:attachment":[{"href":"https:\/\/jkeltai.com\/en\/wp-json\/wp\/v2\/media?parent=1600"}],"curies":[{"name":"wp","href":"https:\/\/api.w.org\/{rel}","templated":true}]}}