{"id":1623,"date":"2022-02-21T15:23:22","date_gmt":"2022-02-21T15:23:22","guid":{"rendered":"https:\/\/jkeltai.com\/?page_id=1623"},"modified":"2022-03-05T11:08:37","modified_gmt":"2022-03-05T11:08:37","slug":"federico-fellini","status":"publish","type":"page","link":"https:\/\/jkeltai.com\/en\/acerca-de-mi\/simplemente-cine\/federico-fellini\/","title":{"rendered":"Federico Fellini"},"content":{"rendered":"\n<p class=\"has-white-color has-text-color has-medium-font-size\">A ratos neorrealista, a ratos surrealista y on\u00edrico, <em>Federico Fellini<\/em> es uno de los cineastas que reviso constantemente en b\u00fasqueda de ideas y fuentes de inspiraci\u00f3n.  Ganador de 4 Oscares por mejor pel\u00edcula extranjera y un Oscar honor\u00edfico por su carrera, sus pel\u00edculas son tan diversas como originales, y su manejo del lenguaje cinematogr\u00e1fico lo convierte sin duda es uno de los cineastas mas influyentes de la historia<\/p>\n\n\n\n<div class=\"wp-block-image is-style-default\"><figure class=\"aligncenter size-medium\"><img loading=\"lazy\" decoding=\"async\" width=\"225\" height=\"300\" src=\"https:\/\/jkeltai.com\/wp-content\/uploads\/Federico-Fellini-225x300.jpg\" alt=\"\" class=\"wp-image-1625\" srcset=\"https:\/\/jkeltai.com\/wp-content\/uploads\/Federico-Fellini-225x300.jpg 225w, https:\/\/jkeltai.com\/wp-content\/uploads\/Federico-Fellini-768x1024.jpg 768w, https:\/\/jkeltai.com\/wp-content\/uploads\/Federico-Fellini-1x1.jpg 1w, https:\/\/jkeltai.com\/wp-content\/uploads\/Federico-Fellini.jpg 900w\" sizes=\"auto, (max-width: 225px) 100vw, 225px\" \/><\/figure><\/div>\n\n\n\n<hr class=\"wp-block-separator\"\/>\n\n\n\n<div style=\"height:25px\" aria-hidden=\"true\" class=\"wp-block-spacer\"><\/div>\n\n\n\n<p class=\"has-medium-font-size\">Giulietta de los esp\u00edritus (1965)<\/p>\n\n\n\n<p>Fant\u00e1stico Film de Fellini, realidad y fantas\u00eda se mezclan para brindar al espectador una experiencia que invade con multiples sensaciones todos sus sentidos<\/p>\n\n\n\n<figure class=\"wp-block-embed is-type-video is-provider-youtube wp-block-embed-youtube wp-embed-aspect-16-9 wp-has-aspect-ratio\"><div class=\"wp-block-embed__wrapper\">\n<iframe loading=\"lazy\" title=\"Juliet of the Spirits Trailer\" width=\"654\" height=\"368\" src=\"https:\/\/www.youtube.com\/embed\/SN0eS2LEd_s?feature=oembed\" frameborder=\"0\" allow=\"accelerometer; autoplay; clipboard-write; encrypted-media; gyroscope; picture-in-picture; web-share\" referrerpolicy=\"strict-origin-when-cross-origin\" allowfullscreen><\/iframe>\n<\/div><\/figure>\n","protected":false},"excerpt":{"rendered":"<p>A ratos neorrealista, a ratos surrealista y on\u00edrico, Federico Fellini es uno de los cineastas que reviso constantemente en b\u00fasqueda de ideas y fuentes de inspiraci\u00f3n. Ganador de 4 Oscares por mejor pel\u00edcula extranjera y un Oscar honor\u00edfico por su carrera, sus pel\u00edculas son tan diversas como originales, y su manejo del lenguaje cinematogr\u00e1fico lo&#8230;<\/p>\n","protected":false},"author":1,"featured_media":0,"parent":1369,"menu_order":0,"comment_status":"closed","ping_status":"closed","template":"page-templates\/twocolleftsidebar.php","meta":{"footnotes":""},"class_list":["post-1623","page","type-page","status-publish","hentry"],"yoast_head":"<!-- This site is optimized with the Yoast SEO plugin v25.2 - https:\/\/yoast.com\/wordpress\/plugins\/seo\/ -->\n<title>Federico Fellini - Javier Keltai<\/title>\n<meta name=\"robots\" content=\"index, follow, max-snippet:-1, max-image-preview:large, max-video-preview:-1\" \/>\n<link rel=\"canonical\" href=\"https:\/\/jkeltai.com\/acerca-de-mi\/simplemente-cine\/federico-fellini\/\" \/>\n<meta property=\"og:locale\" content=\"en_US\" \/>\n<meta property=\"og:type\" content=\"article\" \/>\n<meta property=\"og:title\" content=\"Federico Fellini - Javier Keltai\" \/>\n<meta property=\"og:description\" content=\"A ratos neorrealista, a ratos surrealista y on\u00edrico, Federico Fellini es uno de los cineastas que reviso constantemente en b\u00fasqueda de ideas y fuentes de inspiraci\u00f3n. Ganador de 4 Oscares por mejor pel\u00edcula extranjera y un Oscar honor\u00edfico por su carrera, sus pel\u00edculas son tan diversas como originales, y su manejo del lenguaje cinematogr\u00e1fico lo...\" \/>\n<meta property=\"og:url\" content=\"https:\/\/jkeltai.com\/acerca-de-mi\/simplemente-cine\/federico-fellini\/\" \/>\n<meta property=\"og:site_name\" content=\"Javier Keltai\" \/>\n<meta property=\"article:modified_time\" content=\"2022-03-05T11:08:37+00:00\" \/>\n<meta property=\"og:image\" content=\"https:\/\/jkeltai.com\/wp-content\/uploads\/Federico-Fellini-225x300.jpg\" \/>\n<meta name=\"twitter:card\" content=\"summary_large_image\" \/>\n<meta name=\"twitter:label1\" content=\"Est. reading time\" \/>\n\t<meta name=\"twitter:data1\" content=\"1 minute\" \/>\n<script type=\"application\/ld+json\" class=\"yoast-schema-graph\">{\"@context\":\"https:\/\/schema.org\",\"@graph\":[{\"@type\":\"WebPage\",\"@id\":\"https:\/\/jkeltai.com\/acerca-de-mi\/simplemente-cine\/federico-fellini\/\",\"url\":\"https:\/\/jkeltai.com\/acerca-de-mi\/simplemente-cine\/federico-fellini\/\",\"name\":\"Federico Fellini - Javier Keltai\",\"isPartOf\":{\"@id\":\"https:\/\/jkeltai.com\/#website\"},\"primaryImageOfPage\":{\"@id\":\"https:\/\/jkeltai.com\/acerca-de-mi\/simplemente-cine\/federico-fellini\/#primaryimage\"},\"image\":{\"@id\":\"https:\/\/jkeltai.com\/acerca-de-mi\/simplemente-cine\/federico-fellini\/#primaryimage\"},\"thumbnailUrl\":\"https:\/\/jkeltai.com\/wp-content\/uploads\/Federico-Fellini-225x300.jpg\",\"datePublished\":\"2022-02-21T15:23:22+00:00\",\"dateModified\":\"2022-03-05T11:08:37+00:00\",\"breadcrumb\":{\"@id\":\"https:\/\/jkeltai.com\/acerca-de-mi\/simplemente-cine\/federico-fellini\/#breadcrumb\"},\"inLanguage\":\"en-US\",\"potentialAction\":[{\"@type\":\"ReadAction\",\"target\":[\"https:\/\/jkeltai.com\/acerca-de-mi\/simplemente-cine\/federico-fellini\/\"]}]},{\"@type\":\"ImageObject\",\"inLanguage\":\"en-US\",\"@id\":\"https:\/\/jkeltai.com\/acerca-de-mi\/simplemente-cine\/federico-fellini\/#primaryimage\",\"url\":\"https:\/\/jkeltai.com\/wp-content\/uploads\/Federico-Fellini-225x300.jpg\",\"contentUrl\":\"https:\/\/jkeltai.com\/wp-content\/uploads\/Federico-Fellini-225x300.jpg\"},{\"@type\":\"BreadcrumbList\",\"@id\":\"https:\/\/jkeltai.com\/acerca-de-mi\/simplemente-cine\/federico-fellini\/#breadcrumb\",\"itemListElement\":[{\"@type\":\"ListItem\",\"position\":1,\"name\":\"Portada\",\"item\":\"https:\/\/jkeltai.com\/\"},{\"@type\":\"ListItem\",\"position\":2,\"name\":\"Sobre mi\",\"item\":\"https:\/\/jkeltai.com\/acerca-de-mi\/\"},{\"@type\":\"ListItem\",\"position\":3,\"name\":\"Simplemente Cine\",\"item\":\"https:\/\/jkeltai.com\/acerca-de-mi\/simplemente-cine\/\"},{\"@type\":\"ListItem\",\"position\":4,\"name\":\"Federico Fellini\"}]},{\"@type\":\"WebSite\",\"@id\":\"https:\/\/jkeltai.com\/#website\",\"url\":\"https:\/\/jkeltai.com\/\",\"name\":\"Javier Keltai\",\"description\":\"Digital Postproduction\",\"potentialAction\":[{\"@type\":\"SearchAction\",\"target\":{\"@type\":\"EntryPoint\",\"urlTemplate\":\"https:\/\/jkeltai.com\/?s={search_term_string}\"},\"query-input\":{\"@type\":\"PropertyValueSpecification\",\"valueRequired\":true,\"valueName\":\"search_term_string\"}}],\"inLanguage\":\"en-US\"}]}<\/script>\n<!-- \/ Yoast SEO plugin. -->","yoast_head_json":{"title":"Federico Fellini - Javier Keltai","robots":{"index":"index","follow":"follow","max-snippet":"max-snippet:-1","max-image-preview":"max-image-preview:large","max-video-preview":"max-video-preview:-1"},"canonical":"https:\/\/jkeltai.com\/acerca-de-mi\/simplemente-cine\/federico-fellini\/","og_locale":"en_US","og_type":"article","og_title":"Federico Fellini - Javier Keltai","og_description":"A ratos neorrealista, a ratos surrealista y on\u00edrico, Federico Fellini es uno de los cineastas que reviso constantemente en b\u00fasqueda de ideas y fuentes de inspiraci\u00f3n. Ganador de 4 Oscares por mejor pel\u00edcula extranjera y un Oscar honor\u00edfico por su carrera, sus pel\u00edculas son tan diversas como originales, y su manejo del lenguaje cinematogr\u00e1fico lo...","og_url":"https:\/\/jkeltai.com\/acerca-de-mi\/simplemente-cine\/federico-fellini\/","og_site_name":"Javier Keltai","article_modified_time":"2022-03-05T11:08:37+00:00","og_image":[{"url":"https:\/\/jkeltai.com\/wp-content\/uploads\/Federico-Fellini-225x300.jpg","type":"","width":"","height":""}],"twitter_card":"summary_large_image","twitter_misc":{"Est. reading time":"1 minute"},"schema":{"@context":"https:\/\/schema.org","@graph":[{"@type":"WebPage","@id":"https:\/\/jkeltai.com\/acerca-de-mi\/simplemente-cine\/federico-fellini\/","url":"https:\/\/jkeltai.com\/acerca-de-mi\/simplemente-cine\/federico-fellini\/","name":"Federico Fellini - Javier Keltai","isPartOf":{"@id":"https:\/\/jkeltai.com\/#website"},"primaryImageOfPage":{"@id":"https:\/\/jkeltai.com\/acerca-de-mi\/simplemente-cine\/federico-fellini\/#primaryimage"},"image":{"@id":"https:\/\/jkeltai.com\/acerca-de-mi\/simplemente-cine\/federico-fellini\/#primaryimage"},"thumbnailUrl":"https:\/\/jkeltai.com\/wp-content\/uploads\/Federico-Fellini-225x300.jpg","datePublished":"2022-02-21T15:23:22+00:00","dateModified":"2022-03-05T11:08:37+00:00","breadcrumb":{"@id":"https:\/\/jkeltai.com\/acerca-de-mi\/simplemente-cine\/federico-fellini\/#breadcrumb"},"inLanguage":"en-US","potentialAction":[{"@type":"ReadAction","target":["https:\/\/jkeltai.com\/acerca-de-mi\/simplemente-cine\/federico-fellini\/"]}]},{"@type":"ImageObject","inLanguage":"en-US","@id":"https:\/\/jkeltai.com\/acerca-de-mi\/simplemente-cine\/federico-fellini\/#primaryimage","url":"https:\/\/jkeltai.com\/wp-content\/uploads\/Federico-Fellini-225x300.jpg","contentUrl":"https:\/\/jkeltai.com\/wp-content\/uploads\/Federico-Fellini-225x300.jpg"},{"@type":"BreadcrumbList","@id":"https:\/\/jkeltai.com\/acerca-de-mi\/simplemente-cine\/federico-fellini\/#breadcrumb","itemListElement":[{"@type":"ListItem","position":1,"name":"Portada","item":"https:\/\/jkeltai.com\/"},{"@type":"ListItem","position":2,"name":"Sobre mi","item":"https:\/\/jkeltai.com\/acerca-de-mi\/"},{"@type":"ListItem","position":3,"name":"Simplemente Cine","item":"https:\/\/jkeltai.com\/acerca-de-mi\/simplemente-cine\/"},{"@type":"ListItem","position":4,"name":"Federico Fellini"}]},{"@type":"WebSite","@id":"https:\/\/jkeltai.com\/#website","url":"https:\/\/jkeltai.com\/","name":"Javier Keltai","description":"Digital Postproduction","potentialAction":[{"@type":"SearchAction","target":{"@type":"EntryPoint","urlTemplate":"https:\/\/jkeltai.com\/?s={search_term_string}"},"query-input":{"@type":"PropertyValueSpecification","valueRequired":true,"valueName":"search_term_string"}}],"inLanguage":"en-US"}]}},"_links":{"self":[{"href":"https:\/\/jkeltai.com\/en\/wp-json\/wp\/v2\/pages\/1623","targetHints":{"allow":["GET"]}}],"collection":[{"href":"https:\/\/jkeltai.com\/en\/wp-json\/wp\/v2\/pages"}],"about":[{"href":"https:\/\/jkeltai.com\/en\/wp-json\/wp\/v2\/types\/page"}],"author":[{"embeddable":true,"href":"https:\/\/jkeltai.com\/en\/wp-json\/wp\/v2\/users\/1"}],"replies":[{"embeddable":true,"href":"https:\/\/jkeltai.com\/en\/wp-json\/wp\/v2\/comments?post=1623"}],"version-history":[{"count":4,"href":"https:\/\/jkeltai.com\/en\/wp-json\/wp\/v2\/pages\/1623\/revisions"}],"predecessor-version":[{"id":2120,"href":"https:\/\/jkeltai.com\/en\/wp-json\/wp\/v2\/pages\/1623\/revisions\/2120"}],"up":[{"embeddable":true,"href":"https:\/\/jkeltai.com\/en\/wp-json\/wp\/v2\/pages\/1369"}],"wp:attachment":[{"href":"https:\/\/jkeltai.com\/en\/wp-json\/wp\/v2\/media?parent=1623"}],"curies":[{"name":"wp","href":"https:\/\/api.w.org\/{rel}","templated":true}]}}