{"id":1692,"date":"2022-02-22T07:09:52","date_gmt":"2022-02-22T07:09:52","guid":{"rendered":"https:\/\/jkeltai.com\/?page_id=1692"},"modified":"2022-02-22T07:14:28","modified_gmt":"2022-02-22T07:14:28","slug":"terry-gilliam","status":"publish","type":"page","link":"https:\/\/jkeltai.com\/en\/acerca-de-mi\/simplemente-cine\/terry-gilliam\/","title":{"rendered":"Terry Gilliam"},"content":{"rendered":"\n<p>Aficionado desde ni\u00f1o a la magia, admirador de <em>Georges M\u00e9li\u00e8s<\/em>, y conocido entre otras cosas por sus animaciones surreales con fotograf\u00edas dentro del grupo humor\u00edstico <em>Monty Python<\/em>; <em>Terry Gilliam<\/em> es un director que no duda a la hora de tornar a trav\u00e9s de la est\u00e9tica lo grotesco en bello.  Autor de films tan diversos como <em>Brazil<\/em>, <em>12 Monkeys<\/em> y <em>Fear and Loathing in las Vegas<\/em>, pertenece a una elite creativa que no deja de sorprender con cada propuesta.<\/p>\n\n\n\n<div class=\"wp-block-image is-style-default\"><figure class=\"aligncenter size-medium\"><img loading=\"lazy\" decoding=\"async\" width=\"225\" height=\"300\" src=\"https:\/\/jkeltai.com\/wp-content\/uploads\/Terry-Gilliam-225x300.jpg\" alt=\"\" class=\"wp-image-1694\" srcset=\"https:\/\/jkeltai.com\/wp-content\/uploads\/Terry-Gilliam-225x300.jpg 225w, https:\/\/jkeltai.com\/wp-content\/uploads\/Terry-Gilliam-768x1024.jpg 768w, https:\/\/jkeltai.com\/wp-content\/uploads\/Terry-Gilliam-1x1.jpg 1w, https:\/\/jkeltai.com\/wp-content\/uploads\/Terry-Gilliam.jpg 900w\" sizes=\"auto, (max-width: 225px) 100vw, 225px\" \/><\/figure><\/div>\n","protected":false},"excerpt":{"rendered":"<p>Aficionado desde ni\u00f1o a la magia, admirador de Georges M\u00e9li\u00e8s, y conocido entre otras cosas por sus animaciones surreales con fotograf\u00edas dentro del grupo humor\u00edstico Monty Python; Terry Gilliam es un director que no duda a la hora de tornar a trav\u00e9s de la est\u00e9tica lo grotesco en bello. Autor de films tan diversos como&#8230;<\/p>\n","protected":false},"author":1,"featured_media":0,"parent":1369,"menu_order":0,"comment_status":"closed","ping_status":"closed","template":"page-templates\/twocolleftsidebar.php","meta":{"footnotes":""},"class_list":["post-1692","page","type-page","status-publish","hentry"],"yoast_head":"<!-- This site is optimized with the Yoast SEO plugin v25.2 - https:\/\/yoast.com\/wordpress\/plugins\/seo\/ -->\n<title>Terry Gilliam - Javier Keltai<\/title>\n<meta name=\"robots\" content=\"index, follow, max-snippet:-1, max-image-preview:large, max-video-preview:-1\" \/>\n<link rel=\"canonical\" href=\"https:\/\/jkeltai.com\/acerca-de-mi\/simplemente-cine\/terry-gilliam\/\" \/>\n<meta property=\"og:locale\" content=\"en_US\" \/>\n<meta property=\"og:type\" content=\"article\" \/>\n<meta property=\"og:title\" content=\"Terry Gilliam - Javier Keltai\" \/>\n<meta property=\"og:description\" content=\"Aficionado desde ni\u00f1o a la magia, admirador de Georges M\u00e9li\u00e8s, y conocido entre otras cosas por sus animaciones surreales con fotograf\u00edas dentro del grupo humor\u00edstico Monty Python; Terry Gilliam es un director que no duda a la hora de tornar a trav\u00e9s de la est\u00e9tica lo grotesco en bello. Autor de films tan diversos como...\" \/>\n<meta property=\"og:url\" content=\"https:\/\/jkeltai.com\/acerca-de-mi\/simplemente-cine\/terry-gilliam\/\" \/>\n<meta property=\"og:site_name\" content=\"Javier Keltai\" \/>\n<meta property=\"article:modified_time\" content=\"2022-02-22T07:14:28+00:00\" \/>\n<meta property=\"og:image\" content=\"https:\/\/jkeltai.com\/wp-content\/uploads\/Terry-Gilliam-225x300.jpg\" \/>\n<meta name=\"twitter:card\" content=\"summary_large_image\" \/>\n<script type=\"application\/ld+json\" class=\"yoast-schema-graph\">{\"@context\":\"https:\/\/schema.org\",\"@graph\":[{\"@type\":\"WebPage\",\"@id\":\"https:\/\/jkeltai.com\/acerca-de-mi\/simplemente-cine\/terry-gilliam\/\",\"url\":\"https:\/\/jkeltai.com\/acerca-de-mi\/simplemente-cine\/terry-gilliam\/\",\"name\":\"Terry Gilliam - Javier Keltai\",\"isPartOf\":{\"@id\":\"https:\/\/jkeltai.com\/#website\"},\"primaryImageOfPage\":{\"@id\":\"https:\/\/jkeltai.com\/acerca-de-mi\/simplemente-cine\/terry-gilliam\/#primaryimage\"},\"image\":{\"@id\":\"https:\/\/jkeltai.com\/acerca-de-mi\/simplemente-cine\/terry-gilliam\/#primaryimage\"},\"thumbnailUrl\":\"https:\/\/jkeltai.com\/wp-content\/uploads\/Terry-Gilliam-225x300.jpg\",\"datePublished\":\"2022-02-22T07:09:52+00:00\",\"dateModified\":\"2022-02-22T07:14:28+00:00\",\"breadcrumb\":{\"@id\":\"https:\/\/jkeltai.com\/acerca-de-mi\/simplemente-cine\/terry-gilliam\/#breadcrumb\"},\"inLanguage\":\"en-US\",\"potentialAction\":[{\"@type\":\"ReadAction\",\"target\":[\"https:\/\/jkeltai.com\/acerca-de-mi\/simplemente-cine\/terry-gilliam\/\"]}]},{\"@type\":\"ImageObject\",\"inLanguage\":\"en-US\",\"@id\":\"https:\/\/jkeltai.com\/acerca-de-mi\/simplemente-cine\/terry-gilliam\/#primaryimage\",\"url\":\"https:\/\/jkeltai.com\/wp-content\/uploads\/Terry-Gilliam-225x300.jpg\",\"contentUrl\":\"https:\/\/jkeltai.com\/wp-content\/uploads\/Terry-Gilliam-225x300.jpg\"},{\"@type\":\"BreadcrumbList\",\"@id\":\"https:\/\/jkeltai.com\/acerca-de-mi\/simplemente-cine\/terry-gilliam\/#breadcrumb\",\"itemListElement\":[{\"@type\":\"ListItem\",\"position\":1,\"name\":\"Portada\",\"item\":\"https:\/\/jkeltai.com\/\"},{\"@type\":\"ListItem\",\"position\":2,\"name\":\"Sobre mi\",\"item\":\"https:\/\/jkeltai.com\/acerca-de-mi\/\"},{\"@type\":\"ListItem\",\"position\":3,\"name\":\"Simplemente Cine\",\"item\":\"https:\/\/jkeltai.com\/acerca-de-mi\/simplemente-cine\/\"},{\"@type\":\"ListItem\",\"position\":4,\"name\":\"Terry Gilliam\"}]},{\"@type\":\"WebSite\",\"@id\":\"https:\/\/jkeltai.com\/#website\",\"url\":\"https:\/\/jkeltai.com\/\",\"name\":\"Javier Keltai\",\"description\":\"Digital Postproduction\",\"potentialAction\":[{\"@type\":\"SearchAction\",\"target\":{\"@type\":\"EntryPoint\",\"urlTemplate\":\"https:\/\/jkeltai.com\/?s={search_term_string}\"},\"query-input\":{\"@type\":\"PropertyValueSpecification\",\"valueRequired\":true,\"valueName\":\"search_term_string\"}}],\"inLanguage\":\"en-US\"}]}<\/script>\n<!-- \/ Yoast SEO plugin. -->","yoast_head_json":{"title":"Terry Gilliam - Javier Keltai","robots":{"index":"index","follow":"follow","max-snippet":"max-snippet:-1","max-image-preview":"max-image-preview:large","max-video-preview":"max-video-preview:-1"},"canonical":"https:\/\/jkeltai.com\/acerca-de-mi\/simplemente-cine\/terry-gilliam\/","og_locale":"en_US","og_type":"article","og_title":"Terry Gilliam - Javier Keltai","og_description":"Aficionado desde ni\u00f1o a la magia, admirador de Georges M\u00e9li\u00e8s, y conocido entre otras cosas por sus animaciones surreales con fotograf\u00edas dentro del grupo humor\u00edstico Monty Python; Terry Gilliam es un director que no duda a la hora de tornar a trav\u00e9s de la est\u00e9tica lo grotesco en bello. Autor de films tan diversos como...","og_url":"https:\/\/jkeltai.com\/acerca-de-mi\/simplemente-cine\/terry-gilliam\/","og_site_name":"Javier Keltai","article_modified_time":"2022-02-22T07:14:28+00:00","og_image":[{"url":"https:\/\/jkeltai.com\/wp-content\/uploads\/Terry-Gilliam-225x300.jpg","type":"","width":"","height":""}],"twitter_card":"summary_large_image","schema":{"@context":"https:\/\/schema.org","@graph":[{"@type":"WebPage","@id":"https:\/\/jkeltai.com\/acerca-de-mi\/simplemente-cine\/terry-gilliam\/","url":"https:\/\/jkeltai.com\/acerca-de-mi\/simplemente-cine\/terry-gilliam\/","name":"Terry Gilliam - Javier Keltai","isPartOf":{"@id":"https:\/\/jkeltai.com\/#website"},"primaryImageOfPage":{"@id":"https:\/\/jkeltai.com\/acerca-de-mi\/simplemente-cine\/terry-gilliam\/#primaryimage"},"image":{"@id":"https:\/\/jkeltai.com\/acerca-de-mi\/simplemente-cine\/terry-gilliam\/#primaryimage"},"thumbnailUrl":"https:\/\/jkeltai.com\/wp-content\/uploads\/Terry-Gilliam-225x300.jpg","datePublished":"2022-02-22T07:09:52+00:00","dateModified":"2022-02-22T07:14:28+00:00","breadcrumb":{"@id":"https:\/\/jkeltai.com\/acerca-de-mi\/simplemente-cine\/terry-gilliam\/#breadcrumb"},"inLanguage":"en-US","potentialAction":[{"@type":"ReadAction","target":["https:\/\/jkeltai.com\/acerca-de-mi\/simplemente-cine\/terry-gilliam\/"]}]},{"@type":"ImageObject","inLanguage":"en-US","@id":"https:\/\/jkeltai.com\/acerca-de-mi\/simplemente-cine\/terry-gilliam\/#primaryimage","url":"https:\/\/jkeltai.com\/wp-content\/uploads\/Terry-Gilliam-225x300.jpg","contentUrl":"https:\/\/jkeltai.com\/wp-content\/uploads\/Terry-Gilliam-225x300.jpg"},{"@type":"BreadcrumbList","@id":"https:\/\/jkeltai.com\/acerca-de-mi\/simplemente-cine\/terry-gilliam\/#breadcrumb","itemListElement":[{"@type":"ListItem","position":1,"name":"Portada","item":"https:\/\/jkeltai.com\/"},{"@type":"ListItem","position":2,"name":"Sobre mi","item":"https:\/\/jkeltai.com\/acerca-de-mi\/"},{"@type":"ListItem","position":3,"name":"Simplemente Cine","item":"https:\/\/jkeltai.com\/acerca-de-mi\/simplemente-cine\/"},{"@type":"ListItem","position":4,"name":"Terry Gilliam"}]},{"@type":"WebSite","@id":"https:\/\/jkeltai.com\/#website","url":"https:\/\/jkeltai.com\/","name":"Javier Keltai","description":"Digital Postproduction","potentialAction":[{"@type":"SearchAction","target":{"@type":"EntryPoint","urlTemplate":"https:\/\/jkeltai.com\/?s={search_term_string}"},"query-input":{"@type":"PropertyValueSpecification","valueRequired":true,"valueName":"search_term_string"}}],"inLanguage":"en-US"}]}},"_links":{"self":[{"href":"https:\/\/jkeltai.com\/en\/wp-json\/wp\/v2\/pages\/1692","targetHints":{"allow":["GET"]}}],"collection":[{"href":"https:\/\/jkeltai.com\/en\/wp-json\/wp\/v2\/pages"}],"about":[{"href":"https:\/\/jkeltai.com\/en\/wp-json\/wp\/v2\/types\/page"}],"author":[{"embeddable":true,"href":"https:\/\/jkeltai.com\/en\/wp-json\/wp\/v2\/users\/1"}],"replies":[{"embeddable":true,"href":"https:\/\/jkeltai.com\/en\/wp-json\/wp\/v2\/comments?post=1692"}],"version-history":[{"count":1,"href":"https:\/\/jkeltai.com\/en\/wp-json\/wp\/v2\/pages\/1692\/revisions"}],"predecessor-version":[{"id":1695,"href":"https:\/\/jkeltai.com\/en\/wp-json\/wp\/v2\/pages\/1692\/revisions\/1695"}],"up":[{"embeddable":true,"href":"https:\/\/jkeltai.com\/en\/wp-json\/wp\/v2\/pages\/1369"}],"wp:attachment":[{"href":"https:\/\/jkeltai.com\/en\/wp-json\/wp\/v2\/media?parent=1692"}],"curies":[{"name":"wp","href":"https:\/\/api.w.org\/{rel}","templated":true}]}}